{"id":4372,"date":"2024-10-01T10:11:55","date_gmt":"2024-10-01T10:11:55","guid":{"rendered":"https:\/\/www.dtifcwroclaw.pl\/staging\/?page_id=4372"},"modified":"2024-10-02T09:36:20","modified_gmt":"2024-10-02T09:36:20","slug":"zespoly-i-artysci","status":"publish","type":"page","link":"https:\/\/www.dtifcwroclaw.pl\/staging\/zespoly-i-artysci\/","title":{"rendered":"Zespo\u0142y i Arty\u015bci"},"content":{"rendered":"\n<div class=\"wp-block-uagb-container uagb-block-cb2dafde alignfull uagb-is-root-container\">\n<div class=\"wp-block-uagb-container uagb-block-5d9b1fc5 alignfull uagb-is-root-container\"><div class=\"uagb-container-inner-blocks-wrap\">\n<div class=\"wp-block-uagb-container uagb-block-04d07fb7\">\n<div class=\"wp-block-uagb-advanced-heading uagb-block-b346904c\"><p class=\"uagb-heading-text\">dzia\u0142amy razem<\/p><\/div>\n\n\n\n<div class=\"wp-block-uagb-advanced-heading uagb-block-ec7b3ac0\"><h1 class=\"uagb-heading-text\">Wsp\u00f3\u0142praca<\/h1><\/div>\n<\/div>\n<\/div><\/div>\n\n\n\n<div class=\"wp-block-uagb-container uagb-block-8ca64be2 alignfull uagb-is-root-container\"><div class=\"uagb-container-inner-blocks-wrap\">\n<div class=\"wp-block-uagb-container uagb-block-eba04b10\">\n<div class=\"wp-block-uagb-advanced-heading uagb-block-ed86c2c2\"><h6 class=\"uagb-heading-text\">Wsp\u00f3lnie Tworzymy<\/h6><\/div>\n\n\n\n<div class=\"wp-block-uagb-advanced-heading uagb-block-3788fe2c\"><h2 class=\"uagb-heading-text\">Lepszy \u015bwiat muzyki<\/h2><div class=\"uagb-separator\"><\/div><\/div>\n\n\n\n<div class=\"wp-block-uagb-info-box uagb-block-9b3a03ae uagb-infobox__content-wrap  uagb-infobox-icon-above-title uagb-infobox-image-valign-top\"><div class=\"uagb-ifb-content\"><div class=\"uagb-ifb-title-wrap\"><\/div><p class=\"uagb-ifb-desc\">Wsp\u00f3lnie przyczyniamy si\u0119 do rozwoju kultury muzycznej, wspieraj\u0105c jednocze\u015bnie edukacj\u0119 i rozw\u00f3j m\u0142odych talent\u00f3w. Dzia\u0142anie razem otwiera r\u00f3wnie\u017c drzwi do nowych, ciekawych projekt\u00f3w i inicjatyw w przysz\u0142o\u015bci. Przynosi to r\u00f3wnie\u017c g\u0142\u0119bok\u0105 satysfakcj\u0119 z dzia\u0142ania, wiedz\u0105c, \u017ce przyczyniasz si\u0119 do tworzenia warto\u015bciowej przestrzeni dla muzyki i kultury.<\/p><\/div><\/div>\n<\/div>\n\n\n\n<div class=\"wp-block-uagb-container uagb-layout-flex uagb-block-7069b18a alignfull uagb-is-root-container\">\n<div class=\"wp-block-uagb-container uagb-block-352ef07b\">\n<div class=\"wp-block-uagb-image uagb-block-21cb269c wp-block-uagb-image--layout-overlay wp-block-uagb-image--effect-static wp-block-uagb-image--align-none\"><figure class=\"wp-block-uagb-image__figure\"><a class=\"\" href=\"https:\/\/www.dtifcwroclaw.pl\/staging\/zespoly\/\" target=\"\" rel=\"noopener\"><img decoding=\"async\" srcset=\"https:\/\/www.dtifcwroclaw.pl\/staging\/wp-content\/uploads\/2024\/10\/Orkiestra-Kawalera-de-Saint-George-Sesja-D-8-5-1024x683.jpg ,https:\/\/www.dtifcwroclaw.pl\/staging\/wp-content\/uploads\/2024\/10\/Orkiestra-Kawalera-de-Saint-George-Sesja-D-8-5-scaled.jpg 780w, https:\/\/www.dtifcwroclaw.pl\/staging\/wp-content\/uploads\/2024\/10\/Orkiestra-Kawalera-de-Saint-George-Sesja-D-8-5-scaled.jpg 360w\" sizes=\"(max-width: 480px) 150px\" src=\"https:\/\/www.dtifcwroclaw.pl\/staging\/wp-content\/uploads\/2024\/10\/Orkiestra-Kawalera-de-Saint-George-Sesja-D-8-5-1024x683.jpg\" alt=\"\" class=\"uag-image-4441\" width=\"1024\" height=\"400\" title=\"Orkiestra Kawalera de Saint George - Sesja D-8\" loading=\"lazy\" role=\"img\"\/><\/a><div class=\"wp-block-uagb-image--layout-overlay__color-wrapper\"><\/div><div class=\"wp-block-uagb-image--layout-overlay__inner center-center\"><a class=\"wp-block-uagb-image--layout-overlay-link \" href=\"https:\/\/www.dtifcwroclaw.pl\/staging\/zespoly\/\" target=\"\" rel=\"noopener\"><\/a><h2 class=\"uagb-image-heading\"><a href=\"https:\/\/www.dtifcwroclaw.pl\/staging\/zespoly\/\">Zespo\u0142y<\/a><\/h2><\/div><\/figure><\/div>\n<\/div>\n\n\n\n<div class=\"wp-block-uagb-container uagb-block-78e8250a alignfull uagb-is-root-container\"><div class=\"uagb-container-inner-blocks-wrap\">\n<div class=\"wp-block-uagb-image uagb-block-a77de25d wp-block-uagb-image--layout-overlay wp-block-uagb-image--effect-static wp-block-uagb-image--align-none\"><figure class=\"wp-block-uagb-image__figure\"><a class=\"\" href=\"https:\/\/www.dtifcwroclaw.pl\/staging\/artysci\/\" target=\"\" rel=\"noopener\"><img decoding=\"async\" srcset=\"https:\/\/www.dtifcwroclaw.pl\/staging\/wp-content\/uploads\/2024\/04\/430074238_781257080703448_7979306322508760861_n-1-1024x577.jpg ,https:\/\/www.dtifcwroclaw.pl\/staging\/wp-content\/uploads\/2024\/04\/430074238_781257080703448_7979306322508760861_n-1.jpg 780w, https:\/\/www.dtifcwroclaw.pl\/staging\/wp-content\/uploads\/2024\/04\/430074238_781257080703448_7979306322508760861_n-1.jpg 360w\" sizes=\"(max-width: 480px) 150px\" src=\"https:\/\/www.dtifcwroclaw.pl\/staging\/wp-content\/uploads\/2024\/04\/430074238_781257080703448_7979306322508760861_n-1-1024x577.jpg\" alt=\"\" class=\"uag-image-2816\" width=\"1024\" height=\"400\" title=\"430074238_781257080703448_7979306322508760861_n\" loading=\"lazy\" role=\"img\"\/><\/a><div class=\"wp-block-uagb-image--layout-overlay__color-wrapper\"><\/div><div class=\"wp-block-uagb-image--layout-overlay__inner center-center\"><a class=\"wp-block-uagb-image--layout-overlay-link \" href=\"https:\/\/www.dtifcwroclaw.pl\/staging\/artysci\/\" target=\"\" rel=\"noopener\"><\/a><h2 class=\"uagb-image-heading\"><a href=\"https:\/\/www.dtifcwroclaw.pl\/staging\/artysci\/\">Arty\u015bci<\/a><\/h2><\/div><\/figure><\/div>\n<\/div><\/div>\n<\/div>\n<\/div><\/div>\n\n\n\n<div class=\"wp-block-uagb-container uagb-block-3080212d alignfull uagb-is-root-container\"><div class=\"uagb-container-inner-blocks-wrap\">\n<div class=\"wp-block-uagb-container uagb-block-59e908f3\">\n<div class=\"wp-block-uagb-advanced-heading uagb-block-71944a16\"><h6 class=\"uagb-heading-text\">wesprzyj nasze dzia\u0142ania<\/h6><\/div>\n\n\n\n<div class=\"wp-block-uagb-info-box uagb-block-21a4e06b uagb-infobox__content-wrap  uagb-infobox-icon-above-title uagb-infobox-image-valign-top\"><div class=\"uagb-ifb-content\"><div class=\"uagb-ifb-title-wrap\"><h4 class=\"uagb-ifb-title\">Ka\u017cdy wk\u0142ad, ma\u0142y czy du\u017cy, przybli\u017ca nas do realizacji naszej misji \u2013 odkrywania, wspierania i promowania m\u0142odych muzyk\u00f3w. Wesprzyj nasz\u0105 pasj\u0119 i b\u0105d\u017a cz\u0119\u015bci\u0105 spo\u0142eczno\u015bci, kt\u00f3ra wierzy w moc muzyki i sztuki.<\/h4><\/div><\/div><\/div>\n\n\n\n<div class=\"wp-block-uagb-buttons uagb-buttons__outer-wrap uagb-btn__large-btn uagb-btn-tablet__large-btn uagb-btn-mobile__default-btn uagb-block-fd0cd103\"><div class=\"uagb-buttons__wrap uagb-buttons-layout-wrap \">\n<div class=\"wp-block-uagb-buttons-child uagb-buttons__outer-wrap uagb-block-607ee67e wp-block-button\"><div class=\"uagb-button__wrapper\"><a class=\"uagb-buttons-repeater wp-block-button__link\" aria-label=\"\" href=\"https:\/\/www.dtifcwroclaw.pl\/staging\/wesprzyj-dzialalnosc\/\" rel=\"follow noopener\" target=\"_self\" role=\"button\"><div class=\"uagb-button__link\">WESPRZYJ NAS<\/div><\/a><\/div><\/div>\n<\/div><\/div>\n<\/div>\n<\/div><\/div>\n<\/div>\n","protected":false},"excerpt":{"rendered":"<p>dzia\u0142amy razem Wsp\u00f3\u0142praca Wsp\u00f3lnie Tworzymy Lepszy \u015bwiat muzyki wesprzyj nasze dzia\u0142ania<\/p>\n","protected":false},"author":1,"featured_media":0,"parent":0,"menu_order":0,"comment_status":"closed","ping_status":"closed","template":"","meta":{"_eb_attr":"","_uag_custom_page_level_css":"","site-sidebar-layout":"default","site-content-layout":"","ast-site-content-layout":"default","site-content-style":"unboxed","site-sidebar-style":"default","ast-global-header-display":"","ast-banner-title-visibility":"","ast-main-header-display":"","ast-hfb-above-header-display":"","ast-hfb-below-header-display":"","ast-hfb-mobile-header-display":"","site-post-title":"disabled","ast-breadcrumbs-content":"","ast-featured-img":"","footer-sml-layout":"","theme-transparent-header-meta":"","adv-header-id-meta":"","stick-header-meta":"","header-above-stick-meta":"","header-main-stick-meta":"","header-below-stick-meta":"","astra-migrate-meta-layouts":"set","ast-page-background-enabled":"default","ast-page-background-meta":{"desktop":{"background-color":"","background-image":"","background-repeat":"repeat","background-position":"center center","background-size":"auto","background-attachment":"scroll","background-type":"","background-media":"","overlay-type":"","overlay-color":"","overlay-opacity":"","overlay-gradient":""},"tablet":{"background-color":"","background-image":"","background-repeat":"repeat","background-position":"center center","background-size":"auto","background-attachment":"scroll","background-type":"","background-media":"","overlay-type":"","overlay-color":"","overlay-opacity":"","overlay-gradient":""},"mobile":{"background-color":"","background-image":"","background-repeat":"repeat","background-position":"center center","background-size":"auto","background-attachment":"scroll","background-type":"","background-media":"","overlay-type":"","overlay-color":"","overlay-opacity":"","overlay-gradient":""}},"ast-content-background-meta":{"desktop":{"background-color":"var(--ast-global-color-5)","background-image":"","background-repeat":"repeat","background-position":"center center","background-size":"auto","background-attachment":"scroll","background-type":"","background-media":"","overlay-type":"","overlay-color":"","overlay-opacity":"","overlay-gradient":""},"tablet":{"background-color":"var(--ast-global-color-5)","background-image":"","background-repeat":"repeat","background-position":"center center","background-size":"auto","background-attachment":"scroll","background-type":"","background-media":"","overlay-type":"","overlay-color":"","overlay-opacity":"","overlay-gradient":""},"mobile":{"background-color":"var(--ast-global-color-5)","background-image":"","background-repeat":"repeat","background-position":"center center","background-size":"auto","background-attachment":"scroll","background-type":"","background-media":"","overlay-type":"","overlay-color":"","overlay-opacity":"","overlay-gradient":""}},"footnotes":""},"class_list":["post-4372","page","type-page","status-publish","hentry"],"uagb_featured_image_src":{"full":false,"thumbnail":false,"medium":false,"medium_large":false,"large":false,"1536x1536":false,"2048x2048":false},"uagb_author_info":{"display_name":"admin","author_link":"https:\/\/www.dtifcwroclaw.pl\/staging\/author\/admin\/"},"uagb_comment_info":0,"uagb_excerpt":"dzia\u0142amy razem Wsp\u00f3\u0142praca Wsp\u00f3lnie Tworzymy Lepszy \u015bwiat muzyki wesprzyj nasze dzia\u0142ania","_links":{"self":[{"href":"https:\/\/www.dtifcwroclaw.pl\/staging\/wp-json\/wp\/v2\/pages\/4372"}],"collection":[{"href":"https:\/\/www.dtifcwroclaw.pl\/staging\/wp-json\/wp\/v2\/pages"}],"about":[{"href":"https:\/\/www.dtifcwroclaw.pl\/staging\/wp-json\/wp\/v2\/types\/page"}],"author":[{"embeddable":true,"href":"https:\/\/www.dtifcwroclaw.pl\/staging\/wp-json\/wp\/v2\/users\/1"}],"replies":[{"embeddable":true,"href":"https:\/\/www.dtifcwroclaw.pl\/staging\/wp-json\/wp\/v2\/comments?post=4372"}],"version-history":[{"count":18,"href":"https:\/\/www.dtifcwroclaw.pl\/staging\/wp-json\/wp\/v2\/pages\/4372\/revisions"}],"predecessor-version":[{"id":4501,"href":"https:\/\/www.dtifcwroclaw.pl\/staging\/wp-json\/wp\/v2\/pages\/4372\/revisions\/4501"}],"wp:attachment":[{"href":"https:\/\/www.dtifcwroclaw.pl\/staging\/wp-json\/wp\/v2\/media?parent=4372"}],"curies":[{"name":"wp","href":"https:\/\/api.w.org\/{rel}","templated":true}]}}