{"id":403,"date":"2020-08-24T07:20:37","date_gmt":"2020-08-24T07:20:37","guid":{"rendered":"https:\/\/www.dtifcwroclaw.pl\/staging\/what-we-do\/"},"modified":"2024-09-28T12:52:39","modified_gmt":"2024-09-28T12:52:39","slug":"dzialalnosc","status":"publish","type":"page","link":"https:\/\/www.dtifcwroclaw.pl\/staging\/dzialalnosc\/","title":{"rendered":"Dzia\u0142alno\u015b\u0107"},"content":{"rendered":"\n<div class=\"wp-block-uagb-container uagb-block-5d9b1fc5 alignfull uagb-is-root-container\"><div class=\"uagb-container-inner-blocks-wrap\">\n<div class=\"wp-block-uagb-container uagb-block-04d07fb7\">\n<div class=\"wp-block-uagb-advanced-heading uagb-block-b346904c\"><p class=\"uagb-heading-text\">dzia\u0142ania towarzystwa<\/p><\/div>\n\n\n\n<div class=\"wp-block-uagb-advanced-heading uagb-block-ec7b3ac0\"><h1 class=\"uagb-heading-text\">Sprawd\u017a czym si\u0119 zajmujemy<\/h1><\/div>\n<\/div>\n<\/div><\/div>\n\n\n\n<div class=\"wp-block-uagb-container uagb-block-8ca64be2 alignfull uagb-is-root-container\"><div class=\"uagb-container-inner-blocks-wrap\">\n<div class=\"wp-block-uagb-container uagb-block-eba04b10\">\n<div class=\"wp-block-uagb-advanced-heading uagb-block-ed86c2c2\"><h6 class=\"uagb-heading-text\">nasze projekty<\/h6><\/div>\n\n\n\n<div class=\"wp-block-uagb-advanced-heading uagb-block-3788fe2c\"><h2 class=\"uagb-heading-text\">Tworzymy, organizujemy i inspirujemy<\/h2><div class=\"uagb-separator\"><\/div><\/div>\n\n\n\n<div class=\"wp-block-uagb-info-box uagb-block-9b3a03ae uagb-infobox__content-wrap  uagb-infobox-icon-above-title uagb-infobox-image-valign-top wp-block-uagb-info-box--has-margin\"><div class=\"uagb-infobox-margin-wrapper\"><div class=\"uagb-ifb-content\"><div class=\"uagb-ifb-title-wrap\"><\/div><p class=\"uagb-ifb-desc\">Do\u0142\u0105cz do naszych wyj\u0105tkowych wydarze\u0144, kt\u00f3re promuj\u0105 talent, kreatywno\u015b\u0107 i wsp\u00f3lnot\u0119 muzycznych entuzjast\u00f3w. Z nami znajdziesz inspiracj\u0119, wsparcie i mo\u017cliwo\u015bci rozwoju. Do\u0142\u0105cz ju\u017c dzi\u015b i zanurz si\u0119 w fascynuj\u0105cym \u015bwiecie muzyki!<\/p><\/div><\/div><\/div>\n<\/div>\n<\/div><\/div>\n\n\n\n<div class=\"wp-block-uagb-container uagb-block-270b0f0c alignfull uagb-is-root-container\"><div class=\"uagb-container-inner-blocks-wrap\">\n<div class=\"wp-block-uagb-container uagb-block-8e3dfcc1\">\n<div class=\"wp-block-uagb-image aligncenter uagb-block-a7a756f8 wp-block-uagb-image--layout-default wp-block-uagb-image--effect-static wp-block-uagb-image--align-center\"><figure class=\"wp-block-uagb-image__figure\"><a class=\"\" href=\"https:\/\/www.dtifcwroclaw.pl\/staging\/konkursy\/\" target=\"\" rel=\"noopener\"><img decoding=\"async\" srcset=\"https:\/\/www.dtifcwroclaw.pl\/staging\/wp-content\/uploads\/2024\/04\/431810403_783573050471851_6450037254937016736_n-1.jpg ,https:\/\/www.dtifcwroclaw.pl\/staging\/wp-content\/uploads\/2024\/04\/431810403_783573050471851_6450037254937016736_n-1.jpg 780w, https:\/\/www.dtifcwroclaw.pl\/staging\/wp-content\/uploads\/2024\/04\/431810403_783573050471851_6450037254937016736_n-1.jpg 360w\" sizes=\"(max-width: 480px) 150px\" src=\"https:\/\/www.dtifcwroclaw.pl\/staging\/wp-content\/uploads\/2024\/04\/431810403_783573050471851_6450037254937016736_n-1.jpg\" alt=\"\" class=\"uag-image-2818\" width=\"2048\" height=\"360\" title=\"Konkursy\" loading=\"lazy\" role=\"img\"\/><\/a><\/figure><\/div>\n\n\n\n<div class=\"wp-block-uagb-info-box uagb-block-9fb60833 uagb-infobox__content-wrap  uagb-infobox-icon-above-title uagb-infobox-image-valign-top\"><div class=\"uagb-ifb-content\"><div class=\"uagb-ifb-title-wrap\"><h6 class=\"uagb-ifb-title\">KONKURSY<\/h6><\/div><div class=\"uagb-ifb-separator\"><\/div><\/div><\/div>\n<\/div>\n\n\n\n<div class=\"wp-block-uagb-container uagb-block-b2cece0e\">\n<div class=\"wp-block-uagb-image aligncenter uagb-block-1de511a4 wp-block-uagb-image--layout-default wp-block-uagb-image--effect-static wp-block-uagb-image--align-center\"><figure class=\"wp-block-uagb-image__figure\"><img decoding=\"async\" srcset=\"https:\/\/www.dtifcwroclaw.pl\/staging\/wp-content\/uploads\/2024\/09\/festiwal.jpg ,https:\/\/www.dtifcwroclaw.pl\/staging\/wp-content\/uploads\/2024\/09\/festiwal.jpg 780w, https:\/\/www.dtifcwroclaw.pl\/staging\/wp-content\/uploads\/2024\/09\/festiwal.jpg 360w\" sizes=\"(max-width: 480px) 150px\" src=\"https:\/\/www.dtifcwroclaw.pl\/staging\/wp-content\/uploads\/2024\/09\/festiwal.jpg\" alt=\"\" class=\"uag-image-4137\" width=\"2005\" height=\"360\" title=\"festiwal\" loading=\"lazy\" role=\"img\"\/><\/figure><\/div>\n\n\n\n<div class=\"wp-block-uagb-info-box uagb-block-f8fe13ae uagb-infobox__content-wrap  uagb-infobox-icon-above-title uagb-infobox-image-valign-top\"><div class=\"uagb-ifb-content\"><div class=\"uagb-ifb-title-wrap\"><h6 class=\"uagb-ifb-title\">FESTIWALE<\/h6><\/div><div class=\"uagb-ifb-separator\"><\/div><\/div><\/div>\n<\/div>\n<\/div><\/div>\n\n\n\n<div class=\"wp-block-uagb-container uagb-block-ec3b34ec alignfull uagb-is-root-container\"><div class=\"uagb-container-inner-blocks-wrap\">\n<div class=\"wp-block-uagb-container uagb-block-56c94acd\">\n<div class=\"wp-block-uagb-image aligncenter uagb-block-b3203ed5 wp-block-uagb-image--layout-default wp-block-uagb-image--effect-static wp-block-uagb-image--align-center\"><figure class=\"wp-block-uagb-image__figure\"><a class=\"\" href=\"https:\/\/www.dtifcwroclaw.pl\/staging\/category\/koncerty\/\" target=\"\" rel=\"noopener\"><img decoding=\"async\" srcset=\"https:\/\/www.dtifcwroclaw.pl\/staging\/wp-content\/uploads\/2024\/04\/409046419_781256980703458_7829151240858049651_n-1-1024x768.jpg ,https:\/\/www.dtifcwroclaw.pl\/staging\/wp-content\/uploads\/2024\/04\/409046419_781256980703458_7829151240858049651_n-1.jpg 780w, https:\/\/www.dtifcwroclaw.pl\/staging\/wp-content\/uploads\/2024\/04\/409046419_781256980703458_7829151240858049651_n-1.jpg 360w\" sizes=\"(max-width: 480px) 150px\" src=\"https:\/\/www.dtifcwroclaw.pl\/staging\/wp-content\/uploads\/2024\/04\/409046419_781256980703458_7829151240858049651_n-1-1024x768.jpg\" alt=\"\" class=\"uag-image-2827\" width=\"1024\" height=\"360\" title=\"409046419_781256980703458_7829151240858049651_n\" loading=\"lazy\" role=\"img\"\/><\/a><\/figure><\/div>\n\n\n\n<div class=\"wp-block-uagb-info-box uagb-block-61ecc924 uagb-infobox__content-wrap  uagb-infobox-icon-above-title uagb-infobox-image-valign-top\"><div class=\"uagb-ifb-content\"><div class=\"uagb-ifb-title-wrap\"><h6 class=\"uagb-ifb-title\">M\u0142odzi zdolni<\/h6><\/div><div class=\"uagb-ifb-separator\"><\/div><\/div><\/div>\n<\/div>\n\n\n\n<div class=\"wp-block-uagb-container uagb-block-02b4b549\">\n<div class=\"wp-block-uagb-image aligncenter uagb-block-ab2f1624 wp-block-uagb-image--layout-default wp-block-uagb-image--effect-static wp-block-uagb-image--align-center\"><figure class=\"wp-block-uagb-image__figure\"><a class=\"\" href=\"https:\/\/www.dtifcwroclaw.pl\/staging\/category\/mlodzi-zdolni\/\" target=\"\" rel=\"noopener\"><img decoding=\"async\" srcset=\"https:\/\/www.dtifcwroclaw.pl\/staging\/wp-content\/uploads\/2024\/04\/267780065_2968992446744935_4572165030466319249_n.jpg ,https:\/\/www.dtifcwroclaw.pl\/staging\/wp-content\/uploads\/2024\/04\/267780065_2968992446744935_4572165030466319249_n.jpg 780w, https:\/\/www.dtifcwroclaw.pl\/staging\/wp-content\/uploads\/2024\/04\/267780065_2968992446744935_4572165030466319249_n.jpg 360w\" sizes=\"(max-width: 480px) 150px\" src=\"https:\/\/www.dtifcwroclaw.pl\/staging\/wp-content\/uploads\/2024\/04\/267780065_2968992446744935_4572165030466319249_n.jpg\" alt=\"\" class=\"uag-image-2430\" width=\"1680\" height=\"360\" title=\"267780065_2968992446744935_4572165030466319249_n\" loading=\"lazy\" role=\"img\"\/><\/a><\/figure><\/div>\n\n\n\n<div class=\"wp-block-uagb-info-box uagb-block-c04cb921 uagb-infobox__content-wrap  uagb-infobox-icon-above-title uagb-infobox-image-valign-top\"><div class=\"uagb-ifb-content\"><div class=\"uagb-ifb-title-wrap\"><h6 class=\"uagb-ifb-title\">Koncerty<\/h6><\/div><div class=\"uagb-ifb-separator\"><\/div><\/div><\/div>\n<\/div>\n<\/div><\/div>\n\n\n\n<div class=\"wp-block-uagb-container uagb-block-3080212d alignfull uagb-is-root-container\"><div class=\"uagb-container-inner-blocks-wrap\">\n<div class=\"wp-block-uagb-container uagb-block-59e908f3\">\n<div class=\"wp-block-uagb-advanced-heading uagb-block-71944a16\"><h6 class=\"uagb-heading-text\">wesprzyj nasze dzia\u0142ania<\/h6><\/div>\n\n\n\n<div class=\"wp-block-uagb-info-box uagb-block-21a4e06b uagb-infobox__content-wrap  uagb-infobox-icon-above-title uagb-infobox-image-valign-top\"><div class=\"uagb-ifb-content\"><div class=\"uagb-ifb-title-wrap\"><h4 class=\"uagb-ifb-title\">Ka\u017cdy wk\u0142ad, ma\u0142y czy du\u017cy, przybli\u017ca nas do realizacji naszej misji \u2013 odkrywania, wspierania i promowania m\u0142odych muzyk\u00f3w. Wesprzyj nasz\u0105 pasj\u0119 i b\u0105d\u017a cz\u0119\u015bci\u0105 spo\u0142eczno\u015bci, kt\u00f3ra wierzy w moc muzyki i sztuki.<\/h4><\/div><\/div><\/div>\n\n\n\n<div class=\"wp-block-uagb-buttons uagb-buttons__outer-wrap uagb-btn__default-btn uagb-btn-tablet__default-btn uagb-btn-mobile__default-btn uagb-block-fd0cd103\"><div class=\"uagb-buttons__wrap uagb-buttons-layout-wrap \">\n<div class=\"wp-block-uagb-buttons-child uagb-buttons__outer-wrap uagb-block-607ee67e wp-block-button\"><div class=\"uagb-button__wrapper\"><a class=\"uagb-buttons-repeater wp-block-button__link\" aria-label=\"\" href=\"https:\/\/www.dtifcwroclaw.pl\/staging\/wesprzyj-dzialalnosc\/\" rel=\"follow noopener\" target=\"_self\" role=\"button\"><div class=\"uagb-button__link\">WESPRZYJ NAS<\/div><\/a><\/div><\/div>\n<\/div><\/div>\n<\/div>\n<\/div><\/div>\n","protected":false},"excerpt":{"rendered":"<p>dzia\u0142ania towarzystwa Sprawd\u017a czym si\u0119 zajmujemy nasze projekty Tworzymy, organizujemy i inspirujemy wesprzyj nasze dzia\u0142ania<\/p>\n","protected":false},"author":1,"featured_media":0,"parent":0,"menu_order":0,"comment_status":"closed","ping_status":"closed","template":"","meta":{"_eb_attr":"","_uag_custom_page_level_css":"","site-sidebar-layout":"default","site-content-layout":"plain-container","ast-site-content-layout":"normal-width-container","site-content-style":"unboxed","site-sidebar-style":"unboxed","ast-global-header-display":"","ast-banner-title-visibility":"","ast-main-header-display":"","ast-hfb-above-header-display":"","ast-hfb-below-header-display":"","ast-hfb-mobile-header-display":"","site-post-title":"disabled","ast-breadcrumbs-content":"","ast-featured-img":"","footer-sml-layout":"","theme-transparent-header-meta":"enabled","adv-header-id-meta":"","stick-header-meta":"","header-above-stick-meta":"","header-main-stick-meta":"","header-below-stick-meta":"","astra-migrate-meta-layouts":"set","ast-page-background-enabled":"default","ast-page-background-meta":{"desktop":{"background-color":"","background-image":"","background-repeat":"repeat","background-position":"center center","background-size":"auto","background-attachment":"scroll","background-type":"","background-media":"","overlay-type":"","overlay-color":"","overlay-opacity":"","overlay-gradient":""},"tablet":{"background-color":"","background-image":"","background-repeat":"repeat","background-position":"center center","background-size":"auto","background-attachment":"scroll","background-type":"","background-media":"","overlay-type":"","overlay-color":"","overlay-opacity":"","overlay-gradient":""},"mobile":{"background-color":"","background-image":"","background-repeat":"repeat","background-position":"center center","background-size":"auto","background-attachment":"scroll","background-type":"","background-media":"","overlay-type":"","overlay-color":"","overlay-opacity":"","overlay-gradient":""}},"ast-content-background-meta":{"desktop":{"background-color":"var(--ast-global-color-5)","background-image":"","background-repeat":"repeat","background-position":"center center","background-size":"auto","background-attachment":"scroll","background-type":"","background-media":"","overlay-type":"","overlay-color":"","overlay-opacity":"","overlay-gradient":""},"tablet":{"background-color":"var(--ast-global-color-5)","background-image":"","background-repeat":"repeat","background-position":"center center","background-size":"auto","background-attachment":"scroll","background-type":"","background-media":"","overlay-type":"","overlay-color":"","overlay-opacity":"","overlay-gradient":""},"mobile":{"background-color":"var(--ast-global-color-5)","background-image":"","background-repeat":"repeat","background-position":"center center","background-size":"auto","background-attachment":"scroll","background-type":"","background-media":"","overlay-type":"","overlay-color":"","overlay-opacity":"","overlay-gradient":""}},"footnotes":""},"class_list":["post-403","page","type-page","status-publish","hentry"],"uagb_featured_image_src":{"full":false,"thumbnail":false,"medium":false,"medium_large":false,"large":false,"1536x1536":false,"2048x2048":false},"uagb_author_info":{"display_name":"admin","author_link":"https:\/\/www.dtifcwroclaw.pl\/staging\/author\/admin\/"},"uagb_comment_info":0,"uagb_excerpt":"dzia\u0142ania towarzystwa Sprawd\u017a czym si\u0119 zajmujemy nasze projekty Tworzymy, organizujemy i inspirujemy wesprzyj nasze dzia\u0142ania","_links":{"self":[{"href":"https:\/\/www.dtifcwroclaw.pl\/staging\/wp-json\/wp\/v2\/pages\/403"}],"collection":[{"href":"https:\/\/www.dtifcwroclaw.pl\/staging\/wp-json\/wp\/v2\/pages"}],"about":[{"href":"https:\/\/www.dtifcwroclaw.pl\/staging\/wp-json\/wp\/v2\/types\/page"}],"author":[{"embeddable":true,"href":"https:\/\/www.dtifcwroclaw.pl\/staging\/wp-json\/wp\/v2\/users\/1"}],"replies":[{"embeddable":true,"href":"https:\/\/www.dtifcwroclaw.pl\/staging\/wp-json\/wp\/v2\/comments?post=403"}],"version-history":[{"count":106,"href":"https:\/\/www.dtifcwroclaw.pl\/staging\/wp-json\/wp\/v2\/pages\/403\/revisions"}],"predecessor-version":[{"id":4373,"href":"https:\/\/www.dtifcwroclaw.pl\/staging\/wp-json\/wp\/v2\/pages\/403\/revisions\/4373"}],"wp:attachment":[{"href":"https:\/\/www.dtifcwroclaw.pl\/staging\/wp-json\/wp\/v2\/media?parent=403"}],"curies":[{"name":"wp","href":"https:\/\/api.w.org\/{rel}","templated":true}]}}