{"id":3419,"date":"2024-04-23T15:00:12","date_gmt":"2024-04-23T15:00:12","guid":{"rendered":"https:\/\/www.dtifcwroclaw.pl\/staging\/?page_id=3419"},"modified":"2024-09-23T16:44:56","modified_gmt":"2024-09-23T16:44:56","slug":"about-us","status":"publish","type":"page","link":"https:\/\/www.dtifcwroclaw.pl\/staging\/en\/about-us\/","title":{"rendered":"About us"},"content":{"rendered":"\n<div class=\"wp-block-uagb-container uagb-block-865c9458 alignfull uagb-is-root-container\"><div class=\"uagb-container-inner-blocks-wrap\">\n<div class=\"wp-block-uagb-container uagb-block-29f2eda7\">\n<div class=\"wp-block-uagb-advanced-heading uagb-block-b24b17bd\"><p class=\"uagb-heading-text\">Discover the Structure and<\/p><\/div>\n\n\n\n<div class=\"wp-block-uagb-advanced-heading uagb-block-844c382b\"><h1 class=\"uagb-heading-text\">Society&#8217;s Board<\/h1><\/div>\n<\/div>\n<\/div><\/div>\n\n\n\n<div class=\"wp-block-uagb-container uagb-block-6fd781df alignfull uagb-is-root-container\">\n<div class=\"wp-block-uagb-container uagb-block-gkrlkm4t alignfull uagb-is-root-container\"><div class=\"uagb-container-inner-blocks-wrap\">\n<div class=\"wp-block-uagb-info-box uagb-block-roxmvs3l uagb-infobox__content-wrap  uagb-infobox-icon-above-title uagb-infobox-image-valign-top\"><div class=\"uagb-ifb-content\"><div class=\"uagb-ifb-title-wrap\"><h2 class=\"uagb-ifb-title\">Society&#8217;s Board<\/h2><\/div><\/div><\/div>\n\n\n\n<div class=\"wp-block-uagb-container uagb-block-btd4y8nv\">\n<div class=\"wp-block-uagb-container uagb-layout-grid uagb-block-zdogp8zm\">\n<div class=\"wp-block-uagb-image alignleft uagb-block-fgngugzh wp-block-uagb-image--layout-default wp-block-uagb-image--effect-static wp-block-uagb-image--align-left\"><figure class=\"wp-block-uagb-image__figure\"><img decoding=\"async\" srcset=\"https:\/\/www.dtifcwroclaw.pl\/staging\/wp-content\/uploads\/2024\/09\/Michal-Michalski-1024x690.jpg ,https:\/\/www.dtifcwroclaw.pl\/staging\/wp-content\/uploads\/2024\/09\/Michal-Michalski.jpg 780w, https:\/\/www.dtifcwroclaw.pl\/staging\/wp-content\/uploads\/2024\/09\/Michal-Michalski.jpg 360w\" sizes=\"(max-width: 480px) 150px\" src=\"https:\/\/www.dtifcwroclaw.pl\/staging\/wp-content\/uploads\/2024\/09\/Michal-Michalski-1024x690.jpg\" alt=\"\" class=\"uag-image-4081\" width=\"400\" height=\"400\" title=\"Micha\u0142 Michalski\" loading=\"lazy\" role=\"img\"\/><\/figure><\/div>\n\n\n\n<div class=\"wp-block-uagb-info-box uagb-block-ajruylxv uagb-infobox__content-wrap  uagb-infobox-icon-above-title uagb-infobox-image-valign-top\"><div class=\"uagb-ifb-content\"><div class=\"uagb-ifb-title-wrap\"><p class=\"uagb-ifb-title-prefix\">Micha\u0142 michalski<\/p><h3 class=\"uagb-ifb-title\">Chairman of the Board<\/h3><\/div><p class=\"uagb-ifb-desc\">A Polish pianist, born in 1994 in Wroc\u0142aw, has been associated with his hometown throughout his entire musical and academic career. In 2018, he graduated with honors from the Karol Lipi\u0144ski Academy of Music in Wroc\u0142aw with a master&#8217;s degree. He is currently continuing his academic work (doctoral studies) and teaching at the instrumental and vocal faculties of the Wroc\u0142aw Academy. Since 2020, he has been teaching a piano class at the Karol Szymanowski Primary and Secondary Music School in Wroc\u0142aw. Micha\u0142 Michalski combines his artistic and teaching activities with work in the field of popularization \u2013 since 2020, he has been leading the activities of the Lower Silesian Fryderyk Chopin Society in Wroc\u0142aw. During this time, the Society has organized over 25 artistic events, including vocal and instrumental concerts, methodological conferences, performances by music competition winners, special occasion concerts, and since 2023, it has been organizing the Hochberg Days Festival and the K\u0142odzko Piano Competition.<\/p><\/div><\/div>\n<\/div>\n\n\n\n<div class=\"wp-block-uagb-separator uagb-block-hkilrpxz\"><div class=\"wp-block-uagb-separator__inner\" style=\"--my-background-image:\"><\/div><\/div>\n\n\n\n<div class=\"wp-block-uagb-container uagb-layout-grid uagb-block-zqhz4qm1\">\n<div class=\"wp-block-uagb-image alignleft uagb-block-loyjtzrx wp-block-uagb-image--layout-default wp-block-uagb-image--effect-static wp-block-uagb-image--align-left\"><figure class=\"wp-block-uagb-image__figure\"><img decoding=\"async\" srcset=\"https:\/\/www.dtifcwroclaw.pl\/staging\/wp-content\/uploads\/2024\/09\/Kamil-Grabowski-953x1024.jpeg ,https:\/\/www.dtifcwroclaw.pl\/staging\/wp-content\/uploads\/2024\/09\/Kamil-Grabowski.jpeg 780w, https:\/\/www.dtifcwroclaw.pl\/staging\/wp-content\/uploads\/2024\/09\/Kamil-Grabowski.jpeg 360w\" sizes=\"(max-width: 480px) 150px\" src=\"https:\/\/www.dtifcwroclaw.pl\/staging\/wp-content\/uploads\/2024\/09\/Kamil-Grabowski-953x1024.jpeg\" alt=\"\" class=\"uag-image-4080\" width=\"400\" height=\"400\" title=\"Kamil-Grabowski\" loading=\"lazy\" role=\"img\"\/><\/figure><\/div>\n\n\n\n<div class=\"wp-block-uagb-info-box uagb-block-e245473b uagb-infobox__content-wrap  uagb-infobox-icon-above-title uagb-infobox-image-valign-top\"><div class=\"uagb-ifb-content\"><div class=\"uagb-ifb-title-wrap\"><p class=\"uagb-ifb-title-prefix\">Kamil Grabowski<\/p><h3 class=\"uagb-ifb-title\">Vice Chairman of the Board<\/h3><\/div><p class=\"uagb-ifb-desc\">A native of Jelenia G\u00f3ra, he made his debut in 2004 at the Lower Silesian Philharmonic, performing Edvard Grieg&#8217;s Piano Concerto in A minor, Op. 16, with the symphony orchestra. He is the Director of the International Festival &#8222;Hochberg Days,&#8221; a Doctor of Arts, and a visual artist. He graduated from the Stanis\u0142aw Moniuszko State Music School I and II degree in Jelenia G\u00f3ra and the Secondary School of Fine Arts in Cieplice \u015al\u0105skie. He studied at the University of Zielona G\u00f3ra in the piano class of Prof. Ryszard Zimniecki. He completed his master&#8217;s degree at the Academy of Music in Wroc\u0142aw under Prof. Grzegorz Kurzy\u0144ski and earned his doctoral degree at the Academy of Music in \u0141\u00f3d\u017a under Prof. Cezary Sanecki.<br>In 2024, in collaboration with the Jerzy Grotowski Institute, he performed as a pianist in 17 theatrical performances at the world&#8217;s largest street theater festival, the Fringe Festival in Edinburgh, Scotland, in a theatrical s\u00e9ance by the WACHOWICZ\/FRET Studio titled <em>Sheol | \u05d5\u05dc\u05b9\u05d0 \u05b0\u05c1\u05e9<\/em>.<br>In 2021, he was awarded the title &#8222;Personality of the Year 2020&#8221; in the Culture category for his artistic achievements. Since 2020, he has been collaborating regularly with the Sudeten Philharmonic in Wa\u0142brzych, also contributing to recordings.<\/p><\/div><\/div>\n<\/div>\n\n\n\n<div class=\"wp-block-uagb-separator uagb-block-1oztcs6h\"><div class=\"wp-block-uagb-separator__inner\" style=\"--my-background-image:\"><\/div><\/div>\n\n\n\n<div class=\"wp-block-uagb-container uagb-layout-grid uagb-block-71b55d5d\">\n<div class=\"wp-block-uagb-image alignleft uagb-block-e8ac7f7c wp-block-uagb-image--layout-default wp-block-uagb-image--effect-static wp-block-uagb-image--align-left\"><figure class=\"wp-block-uagb-image__figure\"><img decoding=\"async\" srcset=\"https:\/\/www.dtifcwroclaw.pl\/staging\/wp-content\/uploads\/2024\/09\/MaurycyHuf-1.jpg ,https:\/\/www.dtifcwroclaw.pl\/staging\/wp-content\/uploads\/2024\/09\/MaurycyHuf-1.jpg 780w, https:\/\/www.dtifcwroclaw.pl\/staging\/wp-content\/uploads\/2024\/09\/MaurycyHuf-1.jpg 360w\" sizes=\"(max-width: 480px) 150px\" src=\"https:\/\/www.dtifcwroclaw.pl\/staging\/wp-content\/uploads\/2024\/09\/MaurycyHuf-1.jpg\" alt=\"\" class=\"uag-image-4259\" width=\"400\" height=\"400\" title=\"MaurycyHuf\" loading=\"lazy\" role=\"img\"\/><\/figure><\/div>\n\n\n\n<div class=\"wp-block-uagb-info-box uagb-block-8097d63d uagb-infobox__content-wrap  uagb-infobox-icon-above-title uagb-infobox-image-valign-top\"><div class=\"uagb-ifb-content\"><div class=\"uagb-ifb-title-wrap\"><p class=\"uagb-ifb-title-prefix\">Maurycy Huf\u00a0<\/p><h3 class=\"uagb-ifb-title\">Treasurer<\/h3><\/div><p class=\"uagb-ifb-desc\">He graduated with honors from the General Primary and Secondary Music School of Karol Szymanowski in Wroc\u0142aw in the class of Dr. Bogus\u0142awa Por\u0119bska. He also graduated with honors from the Karol Lipi\u0144ski Academy of Music in Wroc\u0142aw in the class of dr. hab. Micha\u0142 Szczepa\u0144ski.<br>He took part in national and international master classes, perfecting his skills under the supervision of, among others prof. W\u0142odzimierz Obidowicz, prof. Andrzej Jasi\u0144ski, prof. Waldemar Andrzejewski, prof. Michail Markov. He conducted artistic activity with many chamber ensembles. As a soloist, he performed at many student piano festivals in Wroc\u0142aw and Katowice. In 2015, he took part in the\u00a0<em>Trampolina M\u0142odych<\/em>\u00a0concert as part of the\u00a0<em>Clarimania International Clarinet Festival<\/em>. In 2016, he started cooperation with the\u00a0<em>National Forum of Music<\/em>\u00a0in Wroc\u0142aw as part of the\u00a0<em>PNChM<\/em>\u00a0project. In 2016, he began working with the\u00a0<em>Lower Silesian Music Salons<\/em>\u00a0with which he performed many concerts in Poland and Germany. He is also one of the coordinators of the European Music of Jewish Composers festival. He is currently working at the Karol Lipi\u0144ski Academy of Music in Wroc\u0142aw and in the Karol Szymanowski General Primary and Secondary Music School in Wroc\u0142aw.<\/p><\/div><\/div>\n<\/div>\n\n\n\n<div class=\"wp-block-uagb-separator uagb-block-d216d240\"><div class=\"wp-block-uagb-separator__inner\" style=\"--my-background-image:\"><\/div><\/div>\n\n\n\n<div class=\"wp-block-uagb-container uagb-layout-grid uagb-block-dzbsznlt\">\n<div class=\"wp-block-uagb-image alignleft uagb-block-qnhh8y16 wp-block-uagb-image--layout-default wp-block-uagb-image--effect-static wp-block-uagb-image--align-left\"><figure class=\"wp-block-uagb-image__figure\"><img decoding=\"async\" srcset=\"https:\/\/www.dtifcwroclaw.pl\/staging\/wp-content\/uploads\/2024\/09\/Witold-Kozakowski-1012x1024.jpg ,https:\/\/www.dtifcwroclaw.pl\/staging\/wp-content\/uploads\/2024\/09\/Witold-Kozakowski.jpg 780w, https:\/\/www.dtifcwroclaw.pl\/staging\/wp-content\/uploads\/2024\/09\/Witold-Kozakowski.jpg 360w\" sizes=\"(max-width: 480px) 150px\" src=\"https:\/\/www.dtifcwroclaw.pl\/staging\/wp-content\/uploads\/2024\/09\/Witold-Kozakowski-1012x1024.jpg\" alt=\"\" class=\"uag-image-4082\" width=\"400\" height=\"400\" title=\"Witold Kozakowski\" loading=\"lazy\" role=\"img\"\/><\/figure><\/div>\n\n\n\n<div class=\"wp-block-uagb-info-box uagb-block-908c8f66 uagb-infobox__content-wrap  uagb-infobox-icon-above-title uagb-infobox-image-valign-top\"><div class=\"uagb-ifb-content\"><div class=\"uagb-ifb-title-wrap\"><p class=\"uagb-ifb-title-prefix\">Witold Kozakowski<\/p><h3 class=\"uagb-ifb-title\">Board Member<\/h3><\/div><p class=\"uagb-ifb-desc\">A Polish musician, teacher, guitar workshop instructor, music competition juror, columnist and journalist, cultural and educational promoter, and organizer of numerous educational and artistic projects. He has made a name for himself as a skilled and creative organizer of cultural life in the K\u0142odzko region. For many years, he served as the secretary of the International Evenings of Organ and Chamber Music in K\u0142odzko. He established a music studio at the K\u0142odzko Cultural Center and was one of the initiators of the &#8222;Town Hall Meetings&#8221; series, which were open gatherings for the public with artists, politicians, and cultural figures. His greatest achievement was founding the K\u0142odzko Music Festival &#8222;Gitariada&#8221; in 1998 (formerly known as the K\u0142odzko Guitar Impressions). Currently, he performs solo and in a duet with Agnieszka Kozakowska. He was one of the artists featured at the Wroc\u0142aw Guitar Festival. He is actively involved in music education, teaching at music schools in Bystrzyca K\u0142odzka, K\u0142odzko, and Wa\u0142brzych.<\/p><\/div><\/div>\n<\/div>\n\n\n\n<div class=\"wp-block-uagb-separator uagb-block-z8tabqvd\"><div class=\"wp-block-uagb-separator__inner\" style=\"--my-background-image:\"><\/div><\/div>\n<\/div>\n<\/div><\/div>\n<\/div>\n\n\n\n<div class=\"wp-block-uagb-container uagb-block-f632ae23 alignfull uagb-is-root-container\"><div class=\"uagb-container-inner-blocks-wrap\">\n<div class=\"wp-block-uagb-container uagb-block-e50d2884\">\n<div class=\"wp-block-uagb-advanced-heading uagb-block-5a314cf8\"><h6 class=\"uagb-heading-text\">join us<\/h6><div class=\"uagb-separator\"><\/div><\/div>\n\n\n\n<div class=\"wp-block-uagb-advanced-heading uagb-block-2907153c\"><h5 class=\"uagb-heading-text\">We invite you to co-create our community. Build with us a space where young artists can develop their skills, share their passion, and inspire others!<\/h5><\/div>\n\n\n\n<div class=\"wp-block-uagb-buttons uagb-buttons__outer-wrap uagb-btn__large-btn uagb-btn-tablet__large-btn uagb-btn-mobile__large-btn uagb-block-87318c4c\"><div class=\"uagb-buttons__wrap uagb-buttons-layout-wrap \">\n<div class=\"wp-block-uagb-buttons-child uagb-buttons__outer-wrap uagb-block-d0dadf31 wp-block-button\"><div class=\"uagb-button__wrapper\"><a class=\"uagb-buttons-repeater wp-block-button__link\" aria-label=\"\" href=\"https:\/\/www.dtifcwroclaw.pl\/staging\/en\/join-us\/\" rel=\"follow noopener\" target=\"_self\" role=\"button\"><div class=\"uagb-button__link\">join us<\/div><\/a><\/div><\/div>\n<\/div><\/div>\n<\/div>\n<\/div><\/div>\n","protected":false},"excerpt":{"rendered":"<p>Discover the Structure and Society&#8217;s Board join us We invite you to co-create our community. Build with us a space where young artists can develop their skills, share their passion, and inspire others!<\/p>\n","protected":false},"author":1,"featured_media":0,"parent":0,"menu_order":0,"comment_status":"closed","ping_status":"closed","template":"","meta":{"_eb_attr":"","_uag_custom_page_level_css":"","site-sidebar-layout":"default","site-content-layout":"","ast-site-content-layout":"normal-width-container","site-content-style":"unboxed","site-sidebar-style":"default","ast-global-header-display":"","ast-banner-title-visibility":"","ast-main-header-display":"","ast-hfb-above-header-display":"","ast-hfb-below-header-display":"","ast-hfb-mobile-header-display":"","site-post-title":"disabled","ast-breadcrumbs-content":"","ast-featured-img":"","footer-sml-layout":"","theme-transparent-header-meta":"","adv-header-id-meta":"","stick-header-meta":"","header-above-stick-meta":"","header-main-stick-meta":"","header-below-stick-meta":"","astra-migrate-meta-layouts":"set","ast-page-background-enabled":"default","ast-page-background-meta":{"desktop":{"background-color":"","background-image":"","background-repeat":"repeat","background-position":"center center","background-size":"auto","background-attachment":"scroll","background-type":"","background-media":"","overlay-type":"","overlay-color":"","overlay-opacity":"","overlay-gradient":""},"tablet":{"background-color":"","background-image":"","background-repeat":"repeat","background-position":"center center","background-size":"auto","background-attachment":"scroll","background-type":"","background-media":"","overlay-type":"","overlay-color":"","overlay-opacity":"","overlay-gradient":""},"mobile":{"background-color":"","background-image":"","background-repeat":"repeat","background-position":"center center","background-size":"auto","background-attachment":"scroll","background-type":"","background-media":"","overlay-type":"","overlay-color":"","overlay-opacity":"","overlay-gradient":""}},"ast-content-background-meta":{"desktop":{"background-color":"var(--ast-global-color-5)","background-image":"","background-repeat":"repeat","background-position":"center center","background-size":"auto","background-attachment":"scroll","background-type":"","background-media":"","overlay-type":"","overlay-color":"","overlay-opacity":"","overlay-gradient":""},"tablet":{"background-color":"var(--ast-global-color-5)","background-image":"","background-repeat":"repeat","background-position":"center center","background-size":"auto","background-attachment":"scroll","background-type":"","background-media":"","overlay-type":"","overlay-color":"","overlay-opacity":"","overlay-gradient":""},"mobile":{"background-color":"var(--ast-global-color-5)","background-image":"","background-repeat":"repeat","background-position":"center center","background-size":"auto","background-attachment":"scroll","background-type":"","background-media":"","overlay-type":"","overlay-color":"","overlay-opacity":"","overlay-gradient":""}},"footnotes":""},"class_list":["post-3419","page","type-page","status-publish","hentry"],"uagb_featured_image_src":{"full":false,"thumbnail":false,"medium":false,"medium_large":false,"large":false,"1536x1536":false,"2048x2048":false},"uagb_author_info":{"display_name":"admin","author_link":"https:\/\/www.dtifcwroclaw.pl\/staging\/author\/admin\/"},"uagb_comment_info":0,"uagb_excerpt":"Discover the Structure and Society&#8217;s Board join us We invite you to co-create our community. Build with us a space where young artists can develop their skills, share their passion, and inspire others!","_links":{"self":[{"href":"https:\/\/www.dtifcwroclaw.pl\/staging\/wp-json\/wp\/v2\/pages\/3419"}],"collection":[{"href":"https:\/\/www.dtifcwroclaw.pl\/staging\/wp-json\/wp\/v2\/pages"}],"about":[{"href":"https:\/\/www.dtifcwroclaw.pl\/staging\/wp-json\/wp\/v2\/types\/page"}],"author":[{"embeddable":true,"href":"https:\/\/www.dtifcwroclaw.pl\/staging\/wp-json\/wp\/v2\/users\/1"}],"replies":[{"embeddable":true,"href":"https:\/\/www.dtifcwroclaw.pl\/staging\/wp-json\/wp\/v2\/comments?post=3419"}],"version-history":[{"count":12,"href":"https:\/\/www.dtifcwroclaw.pl\/staging\/wp-json\/wp\/v2\/pages\/3419\/revisions"}],"predecessor-version":[{"id":4260,"href":"https:\/\/www.dtifcwroclaw.pl\/staging\/wp-json\/wp\/v2\/pages\/3419\/revisions\/4260"}],"wp:attachment":[{"href":"https:\/\/www.dtifcwroclaw.pl\/staging\/wp-json\/wp\/v2\/media?parent=3419"}],"curies":[{"name":"wp","href":"https:\/\/api.w.org\/{rel}","templated":true}]}}