{"id":3398,"date":"2024-04-23T10:12:10","date_gmt":"2024-04-23T10:12:10","guid":{"rendered":"https:\/\/www.dtifcwroclaw.pl\/staging\/strona-glowna-english\/"},"modified":"2024-09-28T13:33:48","modified_gmt":"2024-09-28T13:33:48","slug":"home-2","status":"publish","type":"page","link":"https:\/\/www.dtifcwroclaw.pl\/staging\/en\/home-2\/","title":{"rendered":"Home"},"content":{"rendered":"\n<div class=\"wp-block-uagb-container uagb-block-326f5ce2 alignfull uagb-is-root-container\"><div class=\"uagb-container-inner-blocks-wrap\">\n<div class=\"wp-block-uagb-container uagb-block-5fc82f2e\">\n<div class=\"wp-block-uagb-advanced-heading uagb-block-80ba4d48\"><h2 class=\"uagb-heading-text\">The Lower Silesian Chopin Society&nbsp;<\/h2><\/div>\n\n\n\n<div class=\"wp-block-uagb-advanced-heading uagb-block-41e7e5f9\"><h6 class=\"uagb-heading-text\">One of the main objectives of the Society is to integrate the musical community of Lower Silesia and support artistically talented youth.<\/h6><\/div>\n\n\n\n<div class=\"wp-block-uagb-buttons uagb-buttons__outer-wrap uagb-btn__default-btn uagb-btn-tablet__default-btn uagb-btn-mobile__default-btn uagb-block-ab4001c5\"><div class=\"uagb-buttons__wrap uagb-buttons-layout-wrap \">\n<div class=\"wp-block-uagb-buttons-child uagb-buttons__outer-wrap uagb-block-b33688d0 wp-block-button\"><div class=\"uagb-button__wrapper\"><a class=\"uagb-buttons-repeater wp-block-button__link\" aria-label=\"\" href=\"https:\/\/www.dtifcwroclaw.pl\/staging\/en\/join-us\/\" rel=\"follow noopener\" target=\"_self\" role=\"button\"><div class=\"uagb-button__link\">Join us<\/div><\/a><\/div><\/div>\n<\/div><\/div>\n<\/div>\n<\/div><\/div>\n\n\n\n<div class=\"wp-block-uagb-container uagb-block-e8bc0b4a alignfull uagb-is-root-container\"><div class=\"uagb-container-inner-blocks-wrap\">\n<div class=\"wp-block-uagb-container uagb-block-2b22b9d2\">\n<div class=\"wp-block-uagb-advanced-heading uagb-block-09acbd0c\"><h6 class=\"uagb-heading-text\">about us<\/h6><\/div>\n\n\n\n<div class=\"wp-block-uagb-advanced-heading uagb-block-440b5d9a\"><h3 class=\"uagb-heading-text\">We support young artists and integrate the musical communities of <strong>Lower Silesia<\/strong><\/h3><\/div>\n\n\n\n<div class=\"wp-block-uagb-info-box uagb-block-6e32bbda uagb-infobox__content-wrap  uagb-infobox-icon-above-title uagb-infobox-image-valign-top\"><div class=\"uagb-ifb-content\"><div class=\"uagb-ifb-title-wrap\"><\/div><p class=\"uagb-ifb-desc\">Our association creates a group of wonderful people who are deeply committed to the artistic development of young, talented artists and are ready to dedicate a few moments of their lives to activities that support their artistic careers.<\/p><\/div><\/div>\n\n\n\n<div class=\"wp-block-uagb-buttons uagb-buttons__outer-wrap uagb-btn__default-btn uagb-btn-tablet__default-btn uagb-btn-mobile__default-btn uagb-block-92937a58\"><div class=\"uagb-buttons__wrap uagb-buttons-layout-wrap \">\n<div class=\"wp-block-uagb-buttons-child uagb-buttons__outer-wrap uagb-block-6dcbc8f4 wp-block-button\"><div class=\"uagb-button__wrapper\"><a class=\"uagb-buttons-repeater wp-block-button__link\" aria-label=\"\" href=\"https:\/\/www.dtifcwroclaw.pl\/staging\/en\/about-us\/\" rel=\"follow noopener\" target=\"_self\" role=\"button\"><div class=\"uagb-button__link\">read more<\/div><\/a><\/div><\/div>\n<\/div><\/div>\n<\/div>\n<\/div><\/div>\n\n\n\n<div class=\"wp-block-uagb-container uagb-block-b23fe543 alignfull uagb-is-root-container\"><div class=\"uagb-container-inner-blocks-wrap\">\n<div class=\"wp-block-uagb-container uagb-block-e2665da1\">\n<div class=\"wp-block-uagb-image uagb-block-d066ea13 wp-block-uagb-image--layout-default wp-block-uagb-image--effect-static wp-block-uagb-image--align-none\"><figure class=\"wp-block-uagb-image__figure\"><img decoding=\"async\" srcset=\"https:\/\/www.dtifcwroclaw.pl\/staging\/wp-content\/uploads\/2024\/09\/431810403_783573050471851_6450037254937016736_n.jpg ,https:\/\/www.dtifcwroclaw.pl\/staging\/wp-content\/uploads\/2024\/09\/431810403_783573050471851_6450037254937016736_n.jpg 780w, https:\/\/www.dtifcwroclaw.pl\/staging\/wp-content\/uploads\/2024\/09\/431810403_783573050471851_6450037254937016736_n.jpg 360w\" sizes=\"(max-width: 480px) 150px\" src=\"https:\/\/www.dtifcwroclaw.pl\/staging\/wp-content\/uploads\/2024\/09\/431810403_783573050471851_6450037254937016736_n.jpg\" alt=\"\" class=\"uag-image-4251\" width=\"2048\" height=\"300\" title=\"431810403_783573050471851_6450037254937016736_n\" loading=\"lazy\" role=\"img\"\/><\/figure><\/div>\n\n\n\n<div class=\"wp-block-uagb-advanced-heading uagb-block-8fcb5b51\"><h5 class=\"uagb-heading-text\">Competitions<\/h5><div class=\"uagb-separator\"><\/div><\/div>\n\n\n\n<div class=\"wp-block-uagb-advanced-heading uagb-block-8743b9d6\"><h5 class=\"uagb-heading-text\"><a href=\"https:\/\/www.dtifcwroclaw.pl\/staging\/konkursy\/\">Experience the thrill of talent <\/a><br><a href=\"https:\/\/www.dtifcwroclaw.pl\/staging\/konkursy\/\">and <\/a>rivalry <a href=\"https:\/\/www.dtifcwroclaw.pl\/staging\/konkursy\/\">in ompetitions <\/a><\/h5><\/div>\n<\/div>\n\n\n\n<div class=\"wp-block-uagb-container uagb-block-5080458f\">\n<div class=\"wp-block-uagb-image uagb-block-2a73886c wp-block-uagb-image--layout-default wp-block-uagb-image--effect-static wp-block-uagb-image--align-none\"><figure class=\"wp-block-uagb-image__figure\"><img decoding=\"async\" srcset=\"https:\/\/www.dtifcwroclaw.pl\/staging\/wp-content\/uploads\/2024\/04\/268263223_2968992410078272_4311412670756320771_n.jpg ,https:\/\/www.dtifcwroclaw.pl\/staging\/wp-content\/uploads\/2024\/04\/268263223_2968992410078272_4311412670756320771_n.jpg 780w, https:\/\/www.dtifcwroclaw.pl\/staging\/wp-content\/uploads\/2024\/04\/268263223_2968992410078272_4311412670756320771_n.jpg 360w\" sizes=\"(max-width: 480px) 150px\" src=\"https:\/\/www.dtifcwroclaw.pl\/staging\/wp-content\/uploads\/2024\/04\/268263223_2968992410078272_4311412670756320771_n.jpg\" alt=\"\" class=\"uag-image-2431\" width=\"1680\" height=\"300\" title=\"268263223_2968992410078272_4311412670756320771_n\" loading=\"lazy\" role=\"img\"\/><\/figure><\/div>\n\n\n\n<div class=\"wp-block-uagb-advanced-heading uagb-block-742e8a68\"><h5 class=\"uagb-heading-text\">Festivals<\/h5><div class=\"uagb-separator\"><\/div><\/div>\n\n\n\n<div class=\"wp-block-uagb-advanced-heading uagb-block-6f2c28de\"><h5 class=\"uagb-heading-text\">Join our unforgettable festivals and experience the excitement<\/h5><\/div>\n<\/div>\n\n\n\n<div class=\"wp-block-uagb-container uagb-block-99ec3902\">\n<div class=\"wp-block-uagb-image uagb-block-1f509ba2 wp-block-uagb-image--layout-default wp-block-uagb-image--effect-static wp-block-uagb-image--align-none\"><figure class=\"wp-block-uagb-image__figure\"><img decoding=\"async\" srcset=\"https:\/\/www.dtifcwroclaw.pl\/staging\/wp-content\/uploads\/2024\/04\/409046419_781256980703458_7829151240858049651_n.jpg ,https:\/\/www.dtifcwroclaw.pl\/staging\/wp-content\/uploads\/2024\/04\/409046419_781256980703458_7829151240858049651_n.jpg 780w, https:\/\/www.dtifcwroclaw.pl\/staging\/wp-content\/uploads\/2024\/04\/409046419_781256980703458_7829151240858049651_n.jpg 360w\" sizes=\"(max-width: 480px) 150px\" src=\"https:\/\/www.dtifcwroclaw.pl\/staging\/wp-content\/uploads\/2024\/04\/409046419_781256980703458_7829151240858049651_n.jpg\" alt=\"\" class=\"uag-image-2434\" width=\"1395\" height=\"300\" title=\"409046419_781256980703458_7829151240858049651_n\" loading=\"lazy\" role=\"img\"\/><\/figure><\/div>\n\n\n\n<div class=\"wp-block-uagb-advanced-heading uagb-block-f05c0e07\"><h5 class=\"uagb-heading-text\">Concerts<\/h5><div class=\"uagb-separator\"><\/div><\/div>\n\n\n\n<div class=\"wp-block-uagb-advanced-heading uagb-block-da673ba6\"><h5 class=\"uagb-heading-text\">Discover the magic of live<br>music at our concerts<\/h5><\/div>\n<\/div>\n<\/div><\/div>\n\n\n\n<div class=\"wp-block-uagb-container uagb-block-015dfc2b alignfull uagb-is-root-container\"><div class=\"uagb-container-inner-blocks-wrap\">\n<div class=\"wp-block-uagb-container uagb-block-89b70e65\">\n<div class=\"wp-block-uagb-advanced-heading uagb-block-9afc8f41\"><h6 class=\"uagb-heading-text\">join us<\/h6><div class=\"uagb-separator\"><\/div><\/div>\n\n\n\n<div class=\"wp-block-uagb-advanced-heading uagb-block-14e79266\"><h5 class=\"uagb-heading-text\">Whether you are an artist, a music enthusiast, or just want to be part of something bigger, we invite you to co-create our community. Build with us a space where young artists can develop their skills, share their passion, and inspire others!<\/h5><\/div>\n\n\n\n<div class=\"wp-block-uagb-buttons uagb-buttons__outer-wrap uagb-btn__large-btn uagb-btn-tablet__default-btn uagb-btn-mobile__default-btn uagb-block-ef19837d\"><div class=\"uagb-buttons__wrap uagb-buttons-layout-wrap \">\n<div class=\"wp-block-uagb-buttons-child uagb-buttons__outer-wrap uagb-block-39589d06 wp-block-button\"><div class=\"uagb-button__wrapper\"><a class=\"uagb-buttons-repeater wp-block-button__link\" aria-label=\"\" href=\"https:\/\/www.dtifcwroclaw.pl\/staging\/en\/join-us\/\" rel=\"follow noopener\" target=\"_self\" role=\"button\"><div class=\"uagb-button__link\">join us<\/div><\/a><\/div><\/div>\n<\/div><\/div>\n<\/div>\n<\/div><\/div>\n\n\n\n<div class=\"wp-block-uagb-container uagb-block-378dae98 alignfull uagb-is-root-container\"><div class=\"uagb-container-inner-blocks-wrap\">\n<div class=\"wp-block-uagb-container uagb-block-549d1ea8 alignfull uagb-is-root-container\"><div class=\"uagb-container-inner-blocks-wrap\">\n<div class=\"wp-block-uagb-advanced-heading uagb-block-53e1c1b2\"><h6 class=\"uagb-heading-text\">news<\/h6><\/div>\n\n\n\n<div class=\"wp-block-uagb-container uagb-block-723083c7\"><ul style=\"font-size:14px;font-style:normal;font-weight:400; padding-top:0;padding-bottom:0;margin-top:0;margin-bottom:0;margin-left:0;margin-right:0;\" class=\"wp-block-latest-posts__list is-grid columns-3 has-dates has-link-color wp-elements-73430749c5e25c27e17f5573f5feda90 wp-block-latest-posts has-text-color has-ast-global-color-2-color has-background has-ast-global-color-4-background-color\"><li><div class=\"wp-block-latest-posts__featured-image\"><a href=\"https:\/\/www.dtifcwroclaw.pl\/staging\/en\/test\/\" aria-label=\"Awards for Pianists \u2013 Wroc\u0142aw Con Corde 2023\"><img loading=\"lazy\" decoding=\"async\" width=\"300\" height=\"165\" src=\"https:\/\/www.dtifcwroclaw.pl\/staging\/wp-content\/uploads\/2024\/04\/400154394_711283304367493_7599005991540837993_n-e1726852090445-300x165.jpg\" class=\"attachment-medium size-medium wp-post-image\" alt=\"\" style=\"max-height:200px;\" srcset=\"https:\/\/www.dtifcwroclaw.pl\/staging\/wp-content\/uploads\/2024\/04\/400154394_711283304367493_7599005991540837993_n-e1726852090445-300x165.jpg 300w, https:\/\/www.dtifcwroclaw.pl\/staging\/wp-content\/uploads\/2024\/04\/400154394_711283304367493_7599005991540837993_n-e1726852090445-1024x563.jpg 1024w, https:\/\/www.dtifcwroclaw.pl\/staging\/wp-content\/uploads\/2024\/04\/400154394_711283304367493_7599005991540837993_n-e1726852090445-768x422.jpg 768w, https:\/\/www.dtifcwroclaw.pl\/staging\/wp-content\/uploads\/2024\/04\/400154394_711283304367493_7599005991540837993_n-e1726852090445.jpg 1166w\" sizes=\"(max-width: 300px) 100vw, 300px\" \/><\/a><\/div><a class=\"wp-block-latest-posts__post-title\" href=\"https:\/\/www.dtifcwroclaw.pl\/staging\/en\/test\/\">Awards for Pianists \u2013 Wroc\u0142aw Con Corde 2023<\/a><time datetime=\"2024-04-24T17:52:54+00:00\" class=\"wp-block-latest-posts__post-date\">24\/04\/2024<\/time><div class=\"wp-block-latest-posts__post-excerpt\">The jury of the 1st International Online Violin Competition Wroc\u0142aw Con Corde 2023 awarded 9\u2026 <a class=\"wp-block-latest-posts__read-more\" href=\"https:\/\/www.dtifcwroclaw.pl\/staging\/en\/test\/\" rel=\"noopener noreferrer\">Dowiedz si\u0119 wi\u0119cej<span class=\"screen-reader-text\">: Awards for Pianists \u2013 Wroc\u0142aw Con Corde 2023<\/span><\/a><\/div><\/li>\n<li><a class=\"wp-block-latest-posts__post-title\" href=\"https:\/\/www.dtifcwroclaw.pl\/staging\/xxvi-kkp-i-international-klodzko-piano-competition-2024\/\">XXVI KKP &#8211; I International K\u0142odzko Piano Competition 2024<\/a><time datetime=\"2024-02-05T15:20:49+00:00\" class=\"wp-block-latest-posts__post-date\">05\/02\/2024<\/time><div class=\"wp-block-latest-posts__post-excerpt\">XXVI K\u0142odzki Konkurs Pianistyczny &#8211; I INTERNATIONAL K\u0141ODZKO PIANO COMPETITION 2024 [PL] Zapraszamy do udzia\u0142u\u2026 <a class=\"wp-block-latest-posts__read-more\" href=\"https:\/\/www.dtifcwroclaw.pl\/staging\/xxvi-kkp-i-international-klodzko-piano-competition-2024\/\" rel=\"noopener noreferrer\">Dowiedz si\u0119 wi\u0119cej<span class=\"screen-reader-text\">: XXVI KKP &#8211; I International K\u0142odzko Piano Competition 2024<\/span><\/a><\/div><\/li>\n<li><div class=\"wp-block-latest-posts__featured-image\"><a href=\"https:\/\/www.dtifcwroclaw.pl\/staging\/wyroznienia-dla-pianistow-wroclaw-con-corde-2023awards-for-pianists-wroclaw-con-corde-2023\/\" aria-label=\"Wyr\u00f3\u017cnienia dla Pianist\u00f3w &#8211; Wroc\u0142aw Con Corde 2023\"><img loading=\"lazy\" decoding=\"async\" width=\"300\" height=\"165\" src=\"https:\/\/www.dtifcwroclaw.pl\/staging\/wp-content\/uploads\/2023\/12\/400154394_711283304367493_7599005991540837993_n-e1726841263252-300x165.jpg\" class=\"attachment-medium size-medium wp-post-image\" alt=\"\" style=\"max-height:200px;\" srcset=\"https:\/\/www.dtifcwroclaw.pl\/staging\/wp-content\/uploads\/2023\/12\/400154394_711283304367493_7599005991540837993_n-e1726841263252-300x165.jpg 300w, https:\/\/www.dtifcwroclaw.pl\/staging\/wp-content\/uploads\/2023\/12\/400154394_711283304367493_7599005991540837993_n-e1726841263252-1024x563.jpg 1024w, https:\/\/www.dtifcwroclaw.pl\/staging\/wp-content\/uploads\/2023\/12\/400154394_711283304367493_7599005991540837993_n-e1726841263252-768x422.jpg 768w, https:\/\/www.dtifcwroclaw.pl\/staging\/wp-content\/uploads\/2023\/12\/400154394_711283304367493_7599005991540837993_n-e1726841263252.jpg 1166w\" sizes=\"(max-width: 300px) 100vw, 300px\" \/><\/a><\/div><a class=\"wp-block-latest-posts__post-title\" href=\"https:\/\/www.dtifcwroclaw.pl\/staging\/wyroznienia-dla-pianistow-wroclaw-con-corde-2023awards-for-pianists-wroclaw-con-corde-2023\/\">Wyr\u00f3\u017cnienia dla Pianist\u00f3w &#8211; Wroc\u0142aw Con Corde 2023<\/a><time datetime=\"2023-12-19T11:05:29+00:00\" class=\"wp-block-latest-posts__post-date\">19\/12\/2023<\/time><div class=\"wp-block-latest-posts__post-excerpt\">Jury I Mi\u0119dzynarodowego Konkursu Skrzypcowego Online\u00a0Wroc\u0142aw Con Corde\u00a02023 przyzna\u0142o 9 wyr\u00f3\u017cnie\u0144 dla Pianist\u00f3w towarzysz\u0105cych skrzypkom\u2026 <a class=\"wp-block-latest-posts__read-more\" href=\"https:\/\/www.dtifcwroclaw.pl\/staging\/wyroznienia-dla-pianistow-wroclaw-con-corde-2023awards-for-pianists-wroclaw-con-corde-2023\/\" rel=\"noopener noreferrer\">Dowiedz si\u0119 wi\u0119cej<span class=\"screen-reader-text\">: Wyr\u00f3\u017cnienia dla Pianist\u00f3w &#8211; Wroc\u0142aw Con Corde 2023<\/span><\/a><\/div><\/li>\n<\/ul><\/div>\n<\/div><\/div>\n<\/div><\/div>\n\n\n\n<div class=\"wp-block-uagb-container uagb-block-3080212d alignfull uagb-is-root-container\"><div class=\"uagb-container-inner-blocks-wrap\">\n<div class=\"wp-block-uagb-container uagb-block-59e908f3\">\n<div class=\"wp-block-uagb-advanced-heading uagb-block-71944a16\"><h6 class=\"uagb-heading-text\">Support Our Efforts<\/h6><\/div>\n\n\n\n<div class=\"wp-block-uagb-info-box uagb-block-21a4e06b uagb-infobox__content-wrap  uagb-infobox-icon-above-title uagb-infobox-image-valign-top\"><div class=\"uagb-ifb-content\"><div class=\"uagb-ifb-title-wrap\"><h4 class=\"uagb-ifb-title\">Every contribution, large or small, brings us closer to achieving our mission \u2013 discovering, supporting, and promoting young musicians. Support our passion and be part of a community that believes in the power of music and art.<\/h4><\/div><\/div><\/div>\n\n\n\n<div class=\"wp-block-uagb-buttons uagb-buttons__outer-wrap uagb-btn__default-btn uagb-btn-tablet__default-btn uagb-btn-mobile__default-btn uagb-block-fd0cd103\"><div class=\"uagb-buttons__wrap uagb-buttons-layout-wrap \">\n<div class=\"wp-block-uagb-buttons-child uagb-buttons__outer-wrap uagb-block-607ee67e wp-block-button\"><div class=\"uagb-button__wrapper\"><a class=\"uagb-buttons-repeater wp-block-button__link\" aria-label=\"\" href=\"https:\/\/www.dtifcwroclaw.pl\/staging\/en\/support-us\/\" rel=\"follow noopener\" target=\"_self\" role=\"button\"><div class=\"uagb-button__link\">support us<\/div><\/a><\/div><\/div>\n<\/div><\/div>\n<\/div>\n<\/div><\/div>\n","protected":false},"excerpt":{"rendered":"<p>The Lower Silesian Chopin Society&nbsp; One of the main objectives of the Society is to integrate the musical community of Lower Silesia and support artistically talented youth. about us We support young artists and integrate the musical communities of Lower Silesia Competitions Experience the thrill of talent and rivalry in ompetitions Festivals Join our unforgettable [&hellip;]<\/p>\n","protected":false},"author":1,"featured_media":0,"parent":0,"menu_order":0,"comment_status":"closed","ping_status":"closed","template":"","meta":{"_eb_attr":"","_uag_custom_page_level_css":"","site-sidebar-layout":"default","site-content-layout":"","ast-site-content-layout":"normal-width-container","site-content-style":"unboxed","site-sidebar-style":"default","ast-global-header-display":"","ast-banner-title-visibility":"","ast-main-header-display":"","ast-hfb-above-header-display":"","ast-hfb-below-header-display":"","ast-hfb-mobile-header-display":"","site-post-title":"disabled","ast-breadcrumbs-content":"","ast-featured-img":"","footer-sml-layout":"","theme-transparent-header-meta":"","adv-header-id-meta":"","stick-header-meta":"","header-above-stick-meta":"","header-main-stick-meta":"","header-below-stick-meta":"","astra-migrate-meta-layouts":"set","ast-page-background-enabled":"default","ast-page-background-meta":{"desktop":{"background-color":"","background-image":"","background-repeat":"repeat","background-position":"center center","background-size":"auto","background-attachment":"scroll","background-type":"","background-media":"","overlay-type":"","overlay-color":"","overlay-opacity":"","overlay-gradient":""},"tablet":{"background-color":"","background-image":"","background-repeat":"repeat","background-position":"center center","background-size":"auto","background-attachment":"scroll","background-type":"","background-media":"","overlay-type":"","overlay-color":"","overlay-opacity":"","overlay-gradient":""},"mobile":{"background-color":"","background-image":"","background-repeat":"repeat","background-position":"center center","background-size":"auto","background-attachment":"scroll","background-type":"","background-media":"","overlay-type":"","overlay-color":"","overlay-opacity":"","overlay-gradient":""}},"ast-content-background-meta":{"desktop":{"background-color":"var(--ast-global-color-5)","background-image":"","background-repeat":"repeat","background-position":"center center","background-size":"auto","background-attachment":"scroll","background-type":"","background-media":"","overlay-type":"","overlay-color":"","overlay-opacity":"","overlay-gradient":""},"tablet":{"background-color":"var(--ast-global-color-5)","background-image":"","background-repeat":"repeat","background-position":"center center","background-size":"auto","background-attachment":"scroll","background-type":"","background-media":"","overlay-type":"","overlay-color":"","overlay-opacity":"","overlay-gradient":""},"mobile":{"background-color":"var(--ast-global-color-5)","background-image":"","background-repeat":"repeat","background-position":"center center","background-size":"auto","background-attachment":"scroll","background-type":"","background-media":"","overlay-type":"","overlay-color":"","overlay-opacity":"","overlay-gradient":""}},"footnotes":""},"class_list":["post-3398","page","type-page","status-publish","hentry"],"uagb_featured_image_src":{"full":false,"thumbnail":false,"medium":false,"medium_large":false,"large":false,"1536x1536":false,"2048x2048":false},"uagb_author_info":{"display_name":"admin","author_link":"https:\/\/www.dtifcwroclaw.pl\/staging\/author\/admin\/"},"uagb_comment_info":0,"uagb_excerpt":"The Lower Silesian Chopin Society&nbsp; One of the main objectives of the Society is to integrate the musical community of Lower Silesia and support artistically talented youth. about us We support young artists and integrate the musical communities of Lower Silesia Competitions Experience the thrill of talent and rivalry in ompetitions Festivals Join our unforgettable&hellip;","_links":{"self":[{"href":"https:\/\/www.dtifcwroclaw.pl\/staging\/wp-json\/wp\/v2\/pages\/3398"}],"collection":[{"href":"https:\/\/www.dtifcwroclaw.pl\/staging\/wp-json\/wp\/v2\/pages"}],"about":[{"href":"https:\/\/www.dtifcwroclaw.pl\/staging\/wp-json\/wp\/v2\/types\/page"}],"author":[{"embeddable":true,"href":"https:\/\/www.dtifcwroclaw.pl\/staging\/wp-json\/wp\/v2\/users\/1"}],"replies":[{"embeddable":true,"href":"https:\/\/www.dtifcwroclaw.pl\/staging\/wp-json\/wp\/v2\/comments?post=3398"}],"version-history":[{"count":25,"href":"https:\/\/www.dtifcwroclaw.pl\/staging\/wp-json\/wp\/v2\/pages\/3398\/revisions"}],"predecessor-version":[{"id":4371,"href":"https:\/\/www.dtifcwroclaw.pl\/staging\/wp-json\/wp\/v2\/pages\/3398\/revisions\/4371"}],"wp:attachment":[{"href":"https:\/\/www.dtifcwroclaw.pl\/staging\/wp-json\/wp\/v2\/media?parent=3398"}],"curies":[{"name":"wp","href":"https:\/\/api.w.org\/{rel}","templated":true}]}}